{"id":9,"date":"2019-01-07T11:05:23","date_gmt":"2019-01-07T10:05:23","guid":{"rendered":"http:\/\/gbfcoaching.fr\/?page_id=9"},"modified":"2022-07-28T17:19:41","modified_gmt":"2022-07-28T15:19:41","slug":"contact","status":"publish","type":"page","link":"https:\/\/gbfcoaching.fr\/index.php\/contact\/","title":{"rendered":"Contact"},"content":{"rendered":"<div class=\"wp-block-image\">\n<figure class=\"alignright is-resized\"><a href=\"https:\/\/www.aoc-management.fr\"><img loading=\"lazy\" decoding=\"async\" src=\"http:\/\/gbfcoaching.fr\/wp-content\/uploads\/2019\/01\/Logo-GBF-Coaching-1024x955.png\" alt=\"\" class=\"wp-image-55\" width=\"369\" height=\"342\"\/><\/a><\/figure><\/div>\n\n<h1>GBF Coaching<\/h1>\n<p><a href=\"mailto:gbfcoaching@gmail.com\">gbfcoaching@gmail.com<\/a><\/p>\n<p>847, Route de Frans 69400 Villefranche\/Sa\u00f4ne<\/p>\n<p>\u00a0<\/p>\n<h3>V\u00e9ronique Fraisse : 07 86 79 91 62 &#8211;\u00a0<a href=\"https:\/\/fr.linkedin.com\/in\/v%C3%A9ronique-fraisse-4b658a5b\" target=\"_blank\" rel=\"noopener\"><strong>LinkedIn <\/strong><\/a><strong>&#8211; <\/strong><strong><a href=\"https:\/\/www.aoc-management.fr\" target=\"_blank\" rel=\"noopener\">Site internet<\/a><\/strong><\/h3>\n<p><strong>Consultante en Management des \u00e9quipes et Sant\u00e9 au Travail &amp; Coache certifi\u00e9e (EATO : Ecole d&#8217;Analyse Transactionnelle en Organisation de Lyon), certifi\u00e9e IPRP (Intervenant Pr\u00e9venteur en Risques Professionnels), certifi\u00e9e DISC-Assessment 24\/7, facilitatrice en cod\u00e9veloppement professionnel (Codev), membre de la F\u00e9d\u00e9ration Francophone des Coachs Professionnels (FFCPro), associ\u00e9e de la Coop\u00e9rative d&#8217;<span style=\"font-size: 21.06px;\">activit\u00e9<\/span> Calad&#8217;Impulsion<\/strong><\/p>\n<p>\u00a0<\/p>\n<hr \/>\n<h3>Dominique Barret : 06 71 10 17 14 &#8211; <a href=\"https:\/\/www.linkedin.com\/in\/dominique-barret-68202023\/\" target=\"_blank\" rel=\"noopener\"><strong>LinkedIn <\/strong><\/a><strong>&#8211; <\/strong><strong><a href=\"http:\/\/gbfcoaching.fr\/index.php\/dominique-barret\/\" target=\"_blank\" rel=\"noopener\">Site internet<\/a><\/strong><\/h3>\n<p><strong>Coach professionnel certifi\u00e9 (Institut de Coaching International) et formateur, facilitateur en <\/strong><strong>cod\u00e9veloppement professionnel (Codev), expert en \u00e9ducation du patient, membre de la F\u00e9d\u00e9ration Francophone des Coachs Professionnels (FFCPro), associ\u00e9 de la Coop\u00e9rative d&#8217;<span style=\"font-size: 21.06px;\">activit\u00e9<\/span> Calad&#8217;Impulsion<\/strong><\/p>\n<p>\u00a0<\/p>\n<hr \/>\n<h3>Norbert Granget :\u00a006 85 61 11 64 &#8211; <a href=\"https:\/\/fr.linkedin.com\/in\/norbert-granget\" target=\"_blank\" rel=\"noopener\"><strong>LinkedIn <\/strong><\/a><strong>&#8211; <a href=\"https:\/\/www.metteurenmots.fr\" target=\"_blank\" rel=\"noopener\">Site internet<\/a><\/strong><\/h3>\n<p><strong>Catalyseur de puissance manag\u00e9riale &#8211; Coach professionnel <span style=\"font-size: 21.06px;\">dipl\u00f4m\u00e9 (IAE Lyon 3)<\/span>, formateur &amp; charg\u00e9 d&#8217;enseignement, certifi\u00e9 (par Ecodev) facilitateur &amp; superviseur en cod\u00e9veloppement professionnel (Codev) &#8211; Certifi\u00e9 Everything DISC, administrateur national de la F\u00e9d\u00e9ration Francophone des Coachs Professionnels (FFCPro), associ\u00e9 de la Coop\u00e9rative d&#8217;<span style=\"font-size: 21.06px;\">activit\u00e9<\/span> Calad&#8217;Impulsion<\/strong><\/p>\n\n\n<p>Cliquez pour retourner au <a href=\"http:\/\/gbfcoaching.fr\">menu central<\/a><\/p>\n","protected":false},"excerpt":{"rendered":"<p>GBF Coaching gbfcoaching@gmail.com 847, Route de Frans 69400 Villefranche\/Sa\u00f4ne \u00a0 V\u00e9ronique Fraisse : 07 86 79 91 62 &#8211;\u00a0LinkedIn &#8211; Site internet Consultante en Management des \u00e9quipes et Sant\u00e9 au Travail &amp; Coache certifi\u00e9e (EATO : Ecole d&#8217;Analyse Transactionnelle en Organisation de Lyon), certifi\u00e9e IPRP (Intervenant Pr\u00e9venteur en Risques Professionnels), certifi\u00e9e DISC-Assessment 24\/7, facilitatrice en<\/p><\/div>\n<div class=\"blog-btn\"><a href=\"https:\/\/gbfcoaching.fr\/index.php\/contact\/\" class=\"home-blog-btn\">Read More<\/a><\/p>\n","protected":false},"author":3,"featured_media":0,"parent":0,"menu_order":0,"comment_status":"closed","ping_status":"closed","template":"","meta":{"footnotes":""},"class_list":["post-9","page","type-page","status-publish","hentry"],"_links":{"self":[{"href":"https:\/\/gbfcoaching.fr\/index.php\/wp-json\/wp\/v2\/pages\/9","targetHints":{"allow":["GET"]}}],"collection":[{"href":"https:\/\/gbfcoaching.fr\/index.php\/wp-json\/wp\/v2\/pages"}],"about":[{"href":"https:\/\/gbfcoaching.fr\/index.php\/wp-json\/wp\/v2\/types\/page"}],"author":[{"embeddable":true,"href":"https:\/\/gbfcoaching.fr\/index.php\/wp-json\/wp\/v2\/users\/3"}],"replies":[{"embeddable":true,"href":"https:\/\/gbfcoaching.fr\/index.php\/wp-json\/wp\/v2\/comments?post=9"}],"version-history":[{"count":16,"href":"https:\/\/gbfcoaching.fr\/index.php\/wp-json\/wp\/v2\/pages\/9\/revisions"}],"predecessor-version":[{"id":372,"href":"https:\/\/gbfcoaching.fr\/index.php\/wp-json\/wp\/v2\/pages\/9\/revisions\/372"}],"wp:attachment":[{"href":"https:\/\/gbfcoaching.fr\/index.php\/wp-json\/wp\/v2\/media?parent=9"}],"curies":[{"name":"wp","href":"https:\/\/api.w.org\/{rel}","templated":true}]}}