{"id":49,"date":"2019-01-07T10:32:44","date_gmt":"2019-01-07T09:32:44","guid":{"rendered":"http:\/\/gbfcoaching.fr\/index.php\/about\/"},"modified":"2022-01-28T19:00:01","modified_gmt":"2022-01-28T18:00:01","slug":"about","status":"publish","type":"page","link":"https:\/\/gbfcoaching.fr\/index.php\/about\/","title":{"rendered":"A propos de"},"content":{"rendered":"\n<div class=\"wp-block-image\"><figure class=\"alignleft is-resized\"><img loading=\"lazy\" decoding=\"async\" src=\"http:\/\/gbfcoaching.fr\/wp-content\/uploads\/2019\/01\/Logo-GBF-Coaching-1024x955.png\" alt=\"\" class=\"wp-image-55\" width=\"376\" height=\"350\" srcset=\"https:\/\/gbfcoaching.fr\/wp-content\/uploads\/2019\/01\/Logo-GBF-Coaching-1024x955.png 1024w, https:\/\/gbfcoaching.fr\/wp-content\/uploads\/2019\/01\/Logo-GBF-Coaching-300x280.png 300w, https:\/\/gbfcoaching.fr\/wp-content\/uploads\/2019\/01\/Logo-GBF-Coaching-768x716.png 768w, https:\/\/gbfcoaching.fr\/wp-content\/uploads\/2019\/01\/Logo-GBF-Coaching.png 1200w\" sizes=\"auto, (max-width: 376px) 100vw, 376px\" \/><\/figure><\/div>\n\n\n<div class=\"col-md-6 col-sm-6 col-xs-12\">\n<p><span style=\"color: #23282d; font-size: 1.6em; font-weight: 600;\">A propos de GBF Coaching +<\/span><\/p>\n<\/div>\n<div class=\"col-md-6 col-sm-6 col-xs-12 wow fadeInDown animated animated animated animated animated\" style=\"visibility: visible; animation-delay: 0.4s; animation-name: fadeInDown;\" data-wow-delay=\"0.4s\">\n<p><strong>gbfcoaching.fr<\/strong> &#8211; tous droits r\u00e9serv\u00e9s, \u00a9 2019<\/p>\n<p>Le pr\u00e9sent site a \u00e9t\u00e9 d\u00e9velopp\u00e9 par<strong> Norbert Granget<\/strong><br>216, rue du Presbyt\u00e8re<br>01140 Mogneneins &#8211; France<br>T\u00e9l :<strong> 06 85 61 11 64<\/strong><br>Contact : <a href=\"mailto:gbfcoaching@gmail.com\">gbfcoaching@gmail.com<\/a><\/p>\n<p>H\u00e9bergeur : OVH &#8211; 2 rue Kellermann &#8211; 59100 Roubaix &#8211; France<\/p>\n<p>Cr\u00e9dit photos : images libres de droit<\/p>\n<h2>Droits de Propri\u00e9t\u00e9 et de Reproduction<\/h2>\n<p>L&#8217;ensemble de ce site et ce qui le compose rel\u00e8vent de la l\u00e9gislation fran\u00e7aise sur le droit d&#8217;auteur et la propri\u00e9t\u00e9 intellectuelle. Tous les droits de reproduction sont r\u00e9serv\u00e9s \u00e0 leurs auteurs ou propri\u00e9taires, y compris les repr\u00e9sentations iconographiques et photographiques.<\/p>\n<p>La reproduction de tout ou partie de ce site sur un support quel qu&#8217;il soit est formellement interdite, sauf autorisation expresse \u00e9crite de l&#8217;administrateur du site : Norbert Granget.<\/p>\n<p>Les informations contenues dans ce site sont donn\u00e9es \u00e0 titre indicatif et peuvent \u00eatre soumises \u00e0 modifications.<\/p>\n<h2>Cookies et Statistiques<\/h2>\n<p>Nous ne collectons aucune donn\u00e9e sur la fr\u00e9quentation de ce site : ni nombre de visites, ni nombre de pages vues ainsi que d&#8217;activit\u00e9 des visiteurs sur le site et leur fr\u00e9quence de retour&#8230;<\/p>\n<h2>Contenu du site<\/h2>\n<p class=\" textplein justify\">Les photographies, textes et illustrations reproduits sur ce site ne sont pas contractuels.<\/p>\n<p class=\" textplein justify\">Les informations contenues sur ce site sont mises \u00e0 jour p\u00e9riodiquement. Cependant, GBF Coaching ne peut garantir que les informations sont en permanence exactes et \u00e0 jour. GBF Coaching ne pourra en aucun cas \u00eatre tenue responsable des dommages directs ou indirects pouvant r\u00e9sulter de l\u2019acc\u00e8s et de l\u2019utilisation de ce site.<\/p>\n<h2>Confidentialit\u00e9 des courriers : Informations relatives \u00e0 l&#8217;envoi de courriers \u00e9lectroniques<\/h2>\n<p class=\" textplein justify\">Nous vous informons que le secret des correspondances transmises par le r\u00e9seau Internet n&#8217;est pas garanti.<\/p>\n<h2>D\u00e9charge<\/h2>\n<p class=\" textplein justify\">L&#8217;utilisateur utilise le site \u00e0 ses seuls risques et dans le respect des lois applicables. En aucun cas l\u2019\u00e9diteur du site ne pourra \u00eatre tenu responsable des dommages directs ou indirects, et notamment pr\u00e9judice mat\u00e9riel, perte de donn\u00e9es ou de programme, pr\u00e9judice financier, r\u00e9sultant de l&#8217;acc\u00e8s ou de l&#8217;utilisation de ce site ou de tous sites qui lui sont li\u00e9s. Le contenu du site est pr\u00e9sent\u00e9 sans aucune garantie de quelque nature que ce soit.<\/p>\n<h2>Remerciements<\/h2>\n<p>Ce site n&#8217;aurait pas pu \u00eatre r\u00e9alis\u00e9 techniquement sans le soutien professionnel et bienveillant de V\u00e9ronique Fraisse et Dominique Barret.<\/p>\n<p>Le Metteur en Mots\u00ae a utilis\u00e9 des &#8220;logiciels libres&#8221; pour r\u00e9aliser ce site : <a href=\"https:\/\/fr.wordpress.org\/\" target=\"_blank\" rel=\"noopener noreferrer\">WordPress<\/a> mais aussi <a href=\"http:\/\/www.gimp.org\/\" target=\"_blank\" rel=\"noopener noreferrer\">Gimp<\/a> et <a href=\"http:\/\/fr.libreoffice.org\/\" target=\"_blank\" rel=\"noopener noreferrer\">LibreOffice<\/a>. Que leurs concepteurs soient aussi remerci\u00e9s.<\/p>\n<p>GBF Coaching appr\u00e9cie particuli\u00e8rement :<\/p>\n<ul>\n<li>V\u00e9ronique Fraisse :&nbsp;<a href=\"https:\/\/www.aoc-management.fr\">AOC Management<\/a><\/li>\n<li>Dominique Barret :&nbsp;<a href=\"http:\/\/gbfcoaching.fr\/index.php\/dominique-barret\/\">DBF<\/a><\/li>\n<li>Norbert Granget : <a href=\"https:\/\/www.metteurenmots.fr\">Le Metteur en Mots<\/a><\/li>\n<\/ul>\n<\/div>\n\n\n<p><\/p>\n\n\n\n<p>Cliquez pour retourner au <a href=\"http:\/\/gbfcoaching.fr\">menu central<\/a><\/p>\n","protected":false},"excerpt":{"rendered":"<p>A propos de GBF Coaching + gbfcoaching.fr &#8211; tous droits r\u00e9serv\u00e9s, \u00a9 2019 Le pr\u00e9sent site a \u00e9t\u00e9 d\u00e9velopp\u00e9 par Norbert Granget216, rue du Presbyt\u00e8re01140 Mogneneins &#8211; FranceT\u00e9l : 06 85 61 11 64Contact : gbfcoaching@gmail.com H\u00e9bergeur : OVH &#8211; 2 rue Kellermann &#8211; 59100 Roubaix &#8211; France Cr\u00e9dit photos : images libres de droit<\/p><\/div>\n<div class=\"blog-btn\"><a href=\"https:\/\/gbfcoaching.fr\/index.php\/about\/\" class=\"home-blog-btn\">Read More<\/a><\/p>\n","protected":false},"author":3,"featured_media":0,"parent":0,"menu_order":0,"comment_status":"closed","ping_status":"closed","template":"template\/template-about.php","meta":{"footnotes":""},"class_list":["post-49","page","type-page","status-publish","hentry"],"_links":{"self":[{"href":"https:\/\/gbfcoaching.fr\/index.php\/wp-json\/wp\/v2\/pages\/49","targetHints":{"allow":["GET"]}}],"collection":[{"href":"https:\/\/gbfcoaching.fr\/index.php\/wp-json\/wp\/v2\/pages"}],"about":[{"href":"https:\/\/gbfcoaching.fr\/index.php\/wp-json\/wp\/v2\/types\/page"}],"author":[{"embeddable":true,"href":"https:\/\/gbfcoaching.fr\/index.php\/wp-json\/wp\/v2\/users\/3"}],"replies":[{"embeddable":true,"href":"https:\/\/gbfcoaching.fr\/index.php\/wp-json\/wp\/v2\/comments?post=49"}],"version-history":[{"count":5,"href":"https:\/\/gbfcoaching.fr\/index.php\/wp-json\/wp\/v2\/pages\/49\/revisions"}],"predecessor-version":[{"id":299,"href":"https:\/\/gbfcoaching.fr\/index.php\/wp-json\/wp\/v2\/pages\/49\/revisions\/299"}],"wp:attachment":[{"href":"https:\/\/gbfcoaching.fr\/index.php\/wp-json\/wp\/v2\/media?parent=49"}],"curies":[{"name":"wp","href":"https:\/\/api.w.org\/{rel}","templated":true}]}}