{"id":274,"date":"2022-01-28T18:14:32","date_gmt":"2022-01-28T17:14:32","guid":{"rendered":"http:\/\/gbfcoaching.fr\/?page_id=274"},"modified":"2024-09-02T15:00:51","modified_gmt":"2024-09-02T13:00:51","slug":"references-coaching-animation-accompagnement-formation-codev-seminaires","status":"publish","type":"page","link":"https:\/\/gbfcoaching.fr\/index.php\/references-coaching-animation-accompagnement-formation-codev-seminaires\/","title":{"rendered":"Nos r\u00e9f\u00e9rences"},"content":{"rendered":"\n<div class=\"wp-block-columns is-layout-flex wp-container-core-columns-is-layout-9d6595d7 wp-block-columns-is-layout-flex\">\n<div class=\"wp-block-column is-layout-flow wp-block-column-is-layout-flow\" style=\"flex-basis:100%\">\n<figure class=\"wp-block-table has-medium-font-size\"><table><tbody><tr><td class=\"has-text-align-center\" data-align=\"center\"><br><strong>Type d\u2019accompagnement <\/strong><br><\/td><td class=\"has-text-align-left\" data-align=\"left\">                                                   <strong>R\u00e9f\u00e9rences<\/strong><\/td><\/tr><tr><td class=\"has-text-align-center\" data-align=\"center\"><strong>Coaching individuel<\/strong><\/td><td class=\"has-text-align-left\" data-align=\"left\">\u2022 Association locale intervenant dans le secteur du Handicap : progression professionnelle vers poste de Direction &#8211; 2023<br>\u2022 Association d\u00e9partementale intervenant dans le secteur de la Sauvegarde de l&#8217;Enfance : prise de poste de Cheffe de service &#8211; 2022 \/2023<br>\u2022 \u00c9tablissement de services aux \u00e9tudiants : accompagnements individuels de directeurs d\u2019unit\u00e9s de gestion et d\u2019encadrants de proximit\u00e9 depuis 2018<br>\u2022 Coaching entrepreneur en rebond, environ deux par an depuis 2018<br>\u2022 PME du secteur alcool de luxe : Coaching strat\u00e9gique de Direction G\u00e9n\u00e9rale et Direction de la Production dans le cadre d\u2019une forte croissance de l\u2019entreprise et de son int\u00e9gration dans un grand groupe \u2013 depuis 2018<br>\u2022 Coaching directrice cr\u00e9ation d\u2019entreprise USA 2022<br>\u2022 Coaching accompagnement sant\u00e9 2022<br>\u2022 Collectivit\u00e9 Locale : Coaching de Direction \u2013 2021<br>\u2022 Conseil R\u00e9gional&nbsp; : accompagnement manag\u00e9rial d\u2019un responsable d\u2019unit\u00e9 de 15 personnes r\u00e9parties sur 2 sites &#8211; 2021<br>\u2022 PME du secteur informatique : Coaching strat\u00e9gique de Direction dans le cadre du d\u00e9veloppement de l\u2019entreprise \u2013 2 accompagnements : 2018 et 2021<br>\u2022 Association D\u00e9partementale&nbsp; de Protection de l\u2019Enfance : Coaching op\u00e9rationnel de 2 Chefs de services \u2013 2021<br>\u2022 Conseil D\u00e9partemental&nbsp; : accompagnement d\u2019une directrice adjointe et d\u2019un chef de service du p\u00f4le Social \u2013 2019\/2020<br>\u2022 Association nationale du secteur social et m\u00e9dico-social : Coaching de prise de poste de chef de service \u2013 2018 ; Coaching op\u00e9rationnel de Chef de service \u2013 2020<br>\u2022 Banque : Coaching de Directeur d\u2019agence \u2013 2019\/2020<br>\u2022 Collectivit\u00e9 Locale : Coaching de chef de projet \u2013 2019<br>\u2022 CNRS d\u00e9l\u00e9gation R\u00e9gionale&nbsp; : accompagnement d\u2019un chef de service pr\u00e9vention \u2013 2018\/2019<br>\u2022 Association locale d\u2019Aide \u00e0 Domicile : Coaching strat\u00e9gique de Direction \u2013 2 ans \u2013 2018\/2019<br>\u2022 Administration Publique : Coaching de Chef de Service \u2013 2018\/2019<br>\u2022 Association secteur social et m\u00e9dico-social \u2013 depuis 2018 : Coaching de direction (prise de poste) secteur social 120 salari\u00e9s ; Coaching de cadres 5 par an depuis 2018.<br>\u2022 Coaching directrice AIVS (Agence immobili\u00e8re \u00e0 vocation sociale)<br><br>\u2022 Supervision de Coach professionnel<br><\/td><\/tr><tr><td class=\"has-text-align-center\" data-align=\"center\"><strong>Accompagnement collectif d\u2019\u00e9quipe \/ coaching collectif<\/strong><\/td><td class=\"has-text-align-left\" data-align=\"left\">\u2022 EPIC &#8211; projet de r\u00e9organisation de service &#8211; D\u00e9marche Appr\u00e9ciative &#8211; 32 j &#8211; 2023 \/ 2024<br>\u2022 Association D\u00e9partementale d&#8217;Aide \u00e0 Domicile \u2013 Accompagnement \u00e9quipes de gouvernance \u2013 D\u00e9marche Appr\u00e9ciative \u2013 4 j \u2013 2022\/2023<br>\u2022 PME du secteur alcool de luxe : Accompagnement de l\u2019\u00e9quipe dans le cadre de son fort d\u00e9veloppement \u2013 10 p, 9 j &#8211; 2018\/2021<br>\u2022 PME du secteur alcool de luxe : Accompagnement de l\u2019\u00e9quipe dans le cadre de son fort d\u00e9veloppement 10 pers 9 j \u2013 2019\/2021<br>\u2022 Association D\u00e9partementale\u00a0 de Protection de l\u2019Enfance : Coh\u00e9sion d&#8217;\u00e9quipe de Direction \u2013 D\u00e9marche Appr\u00e9ciative \u2013 6 p \u2013 2021<br>\u2022 \u00c9tablissement d\u2019enseignement sup\u00e9rieur : Accompagnement de 2 \u00e9quipes en difficult\u00e9s suite \u00e0 une restructuration \u2013 20 et 17 personnes \u2013\u00a0 8 \u00e0 12 j &#8211; 2019\/2021<br>\u2022 PME du secteur informatique : coh\u00e9sion d\u2019\u00e9quipe et accompagnement du changement 6 pers 2j \u2013 2021<br>\u2022 Association D\u00e9partementale\u00a0 de Protection de l\u2019Enfance : coh\u00e9sion d\u2019\u00e9quipe \u2013 intervention sur 4 \u00e9quipes en cycles de 2 J \/ \u00e9quipe \u2013 2017\/2020<br>\u2022 Association D\u00e9partementale intervenant dans le secteur du Handicap : Accompagnement d\u2019\u00e9quipe de 40 pers \u2013 Coh\u00e9sion d\u2019\u00e9quipe et red\u00e9ploiement \u2013 D\u00e9marche Appr\u00e9ciative \u2013 6 j \u2013 2019\/2020<br>\u2022 Association d\u2019insertion par le logement : accompagnement strat\u00e9gique \u00e9quipe de gouvernance 7 j \u2013 2019\/2020<br>\u2022 Conseil D\u00e9partemental (AURA) : Accompagnement du bureau d\u2019\u00e9tudes (12 personnes) du p\u00f4le infrastructures \u2013 15 pers ,12 j &#8211; 2019\/2020 \u2022Centre Hospitalier (Bourgogne) \u2013 Accompagnement de l\u2019\u00e9quipe d\u2019un service DIM en situation de conflits \u2013 12 p, 6 j &#8211; 2018<br>\u2022 \u00c9tablissement public de formation Professionnelle\u00a0 : accompagnement d\u2019un service formation suite \u00e0 des alertes RPS \u2013 14p, 9 j 2018<br>\u2022 Association D\u00e9partementale intervenant dans le secteur du Handicap : Accompagnement \u00ab\u00a0Finalit\u00e9s, valeurs, sens, objectifs, relation\u00a0\u00bb &#8211; groupe de 47 cadres &#8211; 2015<br>\u2022 PME secteur de la chimie : Coh\u00e9sion d\u2019\u00e9quipe, travail sur la finalit\u00e9, management &#8211; 60 p &#8211; 2014\/2017<br><\/td><\/tr><tr><td class=\"has-text-align-center\" data-align=\"center\"><strong>Cod\u00e9veloppement<\/strong> <strong>professionnel<\/strong> \/ <strong>Analyse de la Pratique Professionnelle<\/strong><\/td><td class=\"has-text-align-left\" data-align=\"left\">\u2022 Centre de Formation sp\u00e9cialis\u00e9 en Codev : Supervision et formation de 5 Cycles de formation \u00e0 la facilitation en cod\u00e9veloppement professionnel \u2013 2019\/2023<br>\u2022 Association accompagnement social et h\u00e9bergement Strasbourg : Travailleurs sociaux &#8211; 1 groupe 10p &#8211; 2023<br>\u2022 Association D\u00e9partementale agissant dans le secteur du handicap : cycle de Codev pour 3 groupes de cadres &#8211; 2023<br>\u2022 Association Locale agissant dans le secteur du handicap : APP pour 3 groupes intervenants en ESAT &#8211; 2023<br>\u2022 Association Locale agissant dans le secteur du handicap : APP pour 1 groupes d&#8217;encadrants interm\u00e9diaires en ESAT &#8211; 2023<br>\u2022 EPIC : facilitation de 2 groupes de collaborateurs &#8211; 2022<br>\u2022 Association D\u00e9partementale&nbsp; de Protection de l\u2019Enfance : cycles de cod\u00e9veloppement pour Chefs de services \u2013 2 groupes \u2013 2021\/2022<br>\u2022 Association Locale intervenant dans le secteur du Handicap : cycle de cod\u00e9veloppement de Chefs de service\u2013 1 groupe \u2013 2020<br>\u2022 Association D\u00e9partementale&nbsp; de Protection de l\u2019Enfance : cycles de cod\u00e9veloppement pour Chefs de services \u2013 1 groupe \u2013 2018\/2020<br>\u2022 Association locale d\u2019Aide \u00e0 Domicile : Animation de groupes de travail en Codev pour la coh\u00e9sion d\u2019\u00e9quipe et l\u2019am\u00e9lioration des pratiques professionnelles sur l\u2019ensemble du personnel \u2013 30 s\u00e9ances de 7 pers sur 10 mois \u2013 2018\/2019<br>\u2022 Bailleur social&nbsp; : cycle de cod\u00e9veloppement pour les responsables commerciaux et responsables de proximit\u00e9 \u2013 10 demi journ\u00e9es pour 2 groupes &#8211; 2019<br>\u2022 \u00c9tablissement de services aux \u00e9tudiants : cycle de cod\u00e9veloppement pour des directeurs d\u2019unit\u00e9s de gestion \u2013 1 groupe, 4 j &#8211;&nbsp; 2018<br>\u2022 Association accompagnement social et h\u00e9bergement r\u00e9gion parisienne : Travailleurs sociaux &#8211; 1 groupe, 1 an &#8211; 2018<br><\/td><\/tr><tr><td class=\"has-text-align-center\" data-align=\"center\"><strong>Ateliers th\u00e9matiques \/ formation<\/strong><\/td><td class=\"has-text-align-left\" data-align=\"left\">\u2022 Organisme de Formation du Travail Social &#8211; Formation CAFERUIS Chef de service &#8211; Management Strat\u00e9gique &#8211; depuis 2017<br>\u2022 \u00c9tablissement Public : formation au management en vue du d\u00e9veloppement d\u2019une culture commune : 70 pers \u2013 3,5 j par groupes de 10 pers \u2013 2021<br>\u2022 \u00c9tablissement public : formation au management en vue du d\u00e9veloppement d\u2019une culture commune : 70 pers \u2013 3,5 j \/groupe \u2013 2021<br>\u2022 Association D\u00e9partementale d\u2019Aide \u00e0 Domicile : Formation \u00e0 la pr\u00e9vention du Syndrome d\u2019\u00c9puisement Professionnel pour des responsables administratifs \u2013 1 \u00e0 2 sessions \/ an pour des groupes de 8 pers \u2013 depuis 2017<br>\u2022 Bailleur social&nbsp; \u2013 Cycle de formation et de perfectionnement au management \u2013 6 groupes, 4 j\/gpe &#8211; 2018\/2020<br>\u2022 \u00c9tablissement public d\u2019enseignement sup\u00e9rieur : Ateliers th\u00e9matiques manag\u00e9riaux \u2013 8 ateliers &#8211; 2018<br>\u2022 Formation au Management \u00ab&nbsp;Philosophie manag\u00e9riale&nbsp;\u00bb &nbsp;&nbsp; &#8211; Grand groupe de la chimie 4 ans &#8211; 2014\/2017<br>\u2022 Formation de m\u00e9decin g\u00e9n\u00e9raliste sur l\u2019\u00e9ducation du patient (Expert en \u00e9ducation du patient) &#8211; 2017<br><\/td><\/tr><tr><td class=\"has-text-align-center\" data-align=\"center\"><strong>S\u00e9minaires<\/strong><\/td><td class=\"has-text-align-left\" data-align=\"left\">\u2022 \u00c9tablissement public : S\u00e9minaire de direction sur la mise en place d\u2019une nouvelle gouvernance \u2013&nbsp; 2,5 jours &#8211; 2021<br>\u2022 Association D\u00e9partementale&nbsp; de Protection de l\u2019Enfance : animation s\u00e9minaire d\u2019\u00e9t\u00e9 \u2013 6pers 1j \u2013 2020<br><\/td><\/tr><tr><td class=\"has-text-align-center\" data-align=\"center\"><strong>Conseil aux CODIR\/Copil<\/strong><\/td><td class=\"has-text-align-left\" data-align=\"left\">\u2022 \u00c9tablissement public&nbsp; : Conseil \u00e0 la direction g\u00e9n\u00e9rale sur l\u2019accompagnement des changements manag\u00e9riaux suite \u00e0 la fusion de 2 \u00e9tablissements \u2013 5 jours \u2013 2021\/2022<br>\u2022 CFA : animation d\u2019un comit\u00e9 de pilotage dans le cadre de la conduite d\u2019une d\u00e9marche de pr\u00e9vention des RPS &#8211; 2022<br>\u2022 Association locale d\u2019Aide \u00e0 Domicile : Accompagnement du Comit\u00e9 de Direction en p\u00e9riode de changement \u2013 2 ans \u2013 2018\/2019<br><\/td><\/tr><tr><td class=\"has-text-align-center\" data-align=\"center\"><strong>Tests de personnalit\u00e9<\/strong><\/td><td class=\"has-text-align-left\" data-align=\"left\">\u2022 \u00c9v\u00e9nementiel : g\u00e9rant &#8211;&nbsp; Interpr\u00e9tation et accompagnement Test comportemental DISC \u2013 2022<br>\u2022 EPIC :  Interpr\u00e9tation et accompagnement Test comportemental DISC \u2013 2022<br>\u2022 Coop\u00e9rative d\u2019activit\u00e9 \u2013 r\u00e9f\u00e9rent RH &#8211; Interpr\u00e9tation et accompagnement Test comportemental DISC \u2013 2022<br>\u2022 PME du secteur alcool de luxe : Directrice marketing \u2013 Interpr\u00e9tation et accompagnement Test comportemental DISC \u2013 2021<br>\u2022 Restauration collective \u2013 secteur public : Responsable production -Interpr\u00e9tation et accompagnement Test comportemental DISC \u2013 2021<br>\u2022 PME du secteur alcool de luxe : Directeur G\u00e9n\u00e9ral \u2013 Interpr\u00e9tation et accompagnement Test comportemental DISC \u2013 2021<br>\u2022 Cabinet de Consultant 3 p \u2013 Interpr\u00e9tation individuelle et interactions &#8211; Test comportemental DISC \u2013 2021<br>\u2022 \u00c9tablissement Public 6 p \u2013 Entretien d\u00e9briefing \u2013 Test comportemental DISC &#8211; 2021<br><\/td><\/tr><\/tbody><\/table><\/figure>\n<\/div>\n<\/div>\n\n\n\n<p>                                                                                                          Cliquez pour retourner au <a href=\"http:\/\/gbfcoaching.fr\">menu central<\/a><\/p>\n","protected":false},"excerpt":{"rendered":"<p>Type d\u2019accompagnement R\u00e9f\u00e9rences Coaching individuel \u2022 Association locale intervenant dans le secteur du Handicap : progression professionnelle vers poste de Direction &#8211; 2023\u2022 Association d\u00e9partementale intervenant dans le secteur de la Sauvegarde de l&#8217;Enfance : prise de poste de Cheffe de service &#8211; 2022 \/2023\u2022 \u00c9tablissement de services aux \u00e9tudiants : accompagnements individuels de directeurs<\/p><\/div>\n<div class=\"blog-btn\"><a href=\"https:\/\/gbfcoaching.fr\/index.php\/references-coaching-animation-accompagnement-formation-codev-seminaires\/\" class=\"home-blog-btn\">Read More<\/a><\/p>\n","protected":false},"author":3,"featured_media":0,"parent":0,"menu_order":0,"comment_status":"closed","ping_status":"closed","template":"","meta":{"footnotes":""},"class_list":["post-274","page","type-page","status-publish","hentry"],"_links":{"self":[{"href":"https:\/\/gbfcoaching.fr\/index.php\/wp-json\/wp\/v2\/pages\/274","targetHints":{"allow":["GET"]}}],"collection":[{"href":"https:\/\/gbfcoaching.fr\/index.php\/wp-json\/wp\/v2\/pages"}],"about":[{"href":"https:\/\/gbfcoaching.fr\/index.php\/wp-json\/wp\/v2\/types\/page"}],"author":[{"embeddable":true,"href":"https:\/\/gbfcoaching.fr\/index.php\/wp-json\/wp\/v2\/users\/3"}],"replies":[{"embeddable":true,"href":"https:\/\/gbfcoaching.fr\/index.php\/wp-json\/wp\/v2\/comments?post=274"}],"version-history":[{"count":16,"href":"https:\/\/gbfcoaching.fr\/index.php\/wp-json\/wp\/v2\/pages\/274\/revisions"}],"predecessor-version":[{"id":404,"href":"https:\/\/gbfcoaching.fr\/index.php\/wp-json\/wp\/v2\/pages\/274\/revisions\/404"}],"wp:attachment":[{"href":"https:\/\/gbfcoaching.fr\/index.php\/wp-json\/wp\/v2\/media?parent=274"}],"curies":[{"name":"wp","href":"https:\/\/api.w.org\/{rel}","templated":true}]}}