{"id":10,"date":"2019-01-07T11:05:23","date_gmt":"2019-01-07T10:05:23","guid":{"rendered":"http:\/\/gbfcoaching.fr\/?page_id=10"},"modified":"2022-07-28T17:13:12","modified_gmt":"2022-07-28T15:13:12","slug":"gbf-coaching","status":"publish","type":"page","link":"https:\/\/gbfcoaching.fr\/index.php\/gbf-coaching\/","title":{"rendered":"A votre service"},"content":{"rendered":"<div class=\"wp-block-image\">\n<figure class=\"alignleft size-full is-resized\"><img loading=\"lazy\" decoding=\"async\" src=\"http:\/\/gbfcoaching.fr\/wp-content\/uploads\/2022\/07\/th-1.webp\" alt=\"GBF Coaching, trois associ\u00e9s \u00e0 votre service\" class=\"wp-image-313\" width=\"488\" height=\"326\"\/><\/figure><\/div>\n\n\n<h2 class=\"has-large-font-size wp-block-heading\"><strong>GBF Coaching<\/strong>, <\/h2>\n\n\n\n<p class=\"has-medium-font-size\">cabinet expert dans l&#8217;accompagnement professionnel manag\u00e9rial, c&#8217;est l&#8217;alliance de trois associ\u00e9s, coachs professionnels, formateurs et consultants  :  <a aria-label=\" (s\u2019ouvre dans un nouvel onglet)\" href=\"https:\/\/www.metteurenmots.fr\" target=\"_blank\" rel=\"noreferrer noopener\"><strong>Norbert Granget<\/strong><\/a><strong>, <a aria-label=\"Dominique Barret (opens in a new tab)\" href=\"http:\/\/gbfcoaching.fr\/index.php\/dominique-barret\/\" target=\"_blank\" rel=\"noreferrer noopener\">Dominique Barret<\/a><\/strong>,<strong> <a aria-label=\" (s\u2019ouvre dans un nouvel onglet)\" href=\"https:\/\/www.aoc-management.fr\" target=\"_blank\" rel=\"noreferrer noopener\">V\u00e9ronique Fraisse<\/a><\/strong>.<\/p>\n\n\n\n<p class=\"has-medium-font-size\">Avec GBF Coaching, vous gardez l&#8217;esprit libre. Vous vous centrez sur <strong>ce qui est essentiel pour vous<\/strong>. Vous franchissez <strong>avec succ\u00e8s<\/strong> vos prochains <strong>caps strat\u00e9giques <\/strong>\u00e0 <strong>forts enjeux<\/strong>.<\/p>\n\n\n\n<p class=\"has-text-align-left has-medium-font-size\">Nous accompagnons :<\/p>\n\n\n\n<ul class=\"has-medium-font-size wp-block-list\"><li>les <strong>managers<\/strong>, les <strong>dirigeants<\/strong>, et leurs <strong>\u00e9quipes <\/strong>pour leur redonner de la <strong>puissance professionnelle<\/strong> et du pouvoir d&#8217;agir<\/li><li>leurs <strong>organisations <\/strong>pour accompagner le <strong>changement par l&#8217;innovation<\/strong> et renforcer leur <strong>performance <\/strong>et leur capacit\u00e9 \u00e0 \u00eatre porteuses de <strong>sens<\/strong><\/li><\/ul>\n\n\n\n<p class=\"has-text-align-left has-medium-font-size\">Nous mettons \u00e0 votre disposition nos <a href=\"http:\/\/gbfcoaching.fr\/index.php\/references-coaching-animation-accompagnement-formation-codev-seminaires\/\" target=\"_blank\" rel=\"noreferrer noopener\"><strong>exp\u00e9riences <\/strong><\/a>et nos <strong>expertises<\/strong>, dans une <strong>offre compl\u00e8te <\/strong>et <strong>adaptative<\/strong>. Notre savoir-faire nous permet d&#8217;adapter de nombreux <strong>outils d&#8217;intervention<\/strong> \u00e0 votre situation professionnelle.<\/p>\n\n\n\n<p class=\"has-text-align-left has-medium-font-size\">Nous sommes <strong>form\u00e9s, habilit\u00e9s, certifi\u00e9s<\/strong>, dans diff\u00e9rentes approches et outils qui ont fait leur preuve :<\/p>\n\n\n\n<ul class=\"has-medium-font-size wp-block-list\"><li><a href=\"https:\/\/www.metteurenmots.fr\/services\/coaching\/quest-coaching-professionnel\/\" target=\"_blank\" rel=\"noreferrer noopener\">Coaching professionnel<\/a> individuel<\/li><li><a href=\"https:\/\/www.aoc-management.fr\/seminaires-coaching-equipe-rhone\/\" target=\"_blank\" rel=\"noreferrer noopener\">Coaching d&#8217;\u00e9quipe<\/a><\/li><li>DISC\u00ae<\/li><li>Enn\u00e9agramme<\/li><li><a href=\"https:\/\/www.altercodev.fr\/definition-codeveloppement-professionnel\/\" target=\"_blank\" rel=\"noreferrer noopener\">Cod\u00e9veloppement professionnel<\/a><\/li><li>Th\u00e9orie des Organisations de Berne<\/li><li>D\u00e9marche appr\u00e9ciative<\/li><li>Approche syst\u00e9mique<\/li><li>Voyage du H\u00e9ros&#8230;<\/li><\/ul>\n\n\n\n<p class=\"has-medium-font-size\">Nous avons aussi cr\u00e9\u00e9 pour vous des <strong>m\u00e9thodes <\/strong>et <strong>outils exclusifs de innovants<\/strong> :<\/p>\n\n\n\n<ul class=\"has-medium-font-size wp-block-list\"><li>Agoraccordance\u00ae<\/li><li>Chrysalide\u00ae<\/li><li><a href=\"https:\/\/www.metteurenmots.fr\/services\/coaching\/coaching-des-interdependances\/\" target=\"_blank\" rel=\"noreferrer noopener\">Coaching des interd\u00e9pendances<\/a>\u00ae<\/li><li><a href=\"https:\/\/www.aoc-management.fr\/formation-management-sante-travail\/\" target=\"_blank\" rel=\"noreferrer noopener\">Formations management et sant\u00e9 au travail<\/a><\/li><li>JECO\u00ae Serious Game<\/li><li>Test de Choix Professionnels et Personnels &#8211; CPP\u00ae<\/li><\/ul>\n\n\n\n<p class=\"has-medium-font-size\">Et en collaboration :<\/p>\n\n\n\n<ul class=\"has-medium-font-size wp-block-list\"><li><a href=\"https:\/\/www.altercodev.fr\" target=\"_blank\" rel=\"noreferrer noopener\">Altercodev<\/a>\u00ae<\/li><\/ul>\n\n\n\n<p class=\"has-medium-font-size\">Nous sommes form\u00e9s \u00e0 l&#8217;<a href=\"http:\/\/www.corpus-humanitatis.com\/introduction-a-lexcellence-relationnelle\/\" target=\"_blank\" rel=\"noreferrer noopener\">Excellence Relationnelle<\/a>\u00ae.<\/p>\n\n\n\n<p class=\"has-medium-font-size\">GBF Coaching vous garantit une <strong>qualit\u00e9 <\/strong>et une <strong>diversit\u00e9 <\/strong>d\u2019approches r\u00e9pondant \u00e0 <strong>vos attentes<\/strong>. Nous <strong>adaptons <\/strong>nos interventions \u00e0 vos<strong> choix<\/strong>, vos <strong>priorit\u00e9s<\/strong> personnelles et professionnelles, vos <strong>valeurs<\/strong>, au cas par cas. Nous sommes <strong>vos alli\u00e9s dans le changement<\/strong>.<\/p>\n\n\n\n<p class=\"has-medium-font-size\">Comme nous pr\u00e9parons ensemble les missions que vous nous confiez, nous en assurons collectivement la <strong>qualit\u00e9 <\/strong>et garantissons de les mener <strong>\u00e0 bien<\/strong> jusqu&#8217;\u00e0 leur <strong>terme<\/strong> en d\u00e9pit d&#8217;\u00e9ventuels impr\u00e9vus. <\/p>\n\n\n\n<p><\/p>\n\n\n<div class=\"wp-block-image\">\n<figure class=\"alignright is-resized\"><img loading=\"lazy\" decoding=\"async\" src=\"http:\/\/gbfcoaching.fr\/wp-content\/uploads\/2019\/01\/Logo-GBF-Coaching-1024x955.png\" alt=\"\" class=\"wp-image-55\" width=\"213\" height=\"198\" srcset=\"https:\/\/gbfcoaching.fr\/wp-content\/uploads\/2019\/01\/Logo-GBF-Coaching-1024x955.png 1024w, https:\/\/gbfcoaching.fr\/wp-content\/uploads\/2019\/01\/Logo-GBF-Coaching-300x280.png 300w, https:\/\/gbfcoaching.fr\/wp-content\/uploads\/2019\/01\/Logo-GBF-Coaching-768x716.png 768w, https:\/\/gbfcoaching.fr\/wp-content\/uploads\/2019\/01\/Logo-GBF-Coaching.png 1200w\" sizes=\"auto, (max-width: 213px) 100vw, 213px\" \/><\/figure><\/div>\n\n\n<h2 class=\"has-text-align-center has-large-font-size wp-block-heading\" id=\"le-changement-gbf\">Le Changement GBF Coaching :<\/h2>\n\n\n\n<p class=\"has-medium-font-size\"><strong><em>Grand <\/em><\/strong>par <strong>l&#8217;ambition <\/strong>port\u00e9e par votre entreprise ;<\/p>\n\n\n\n<p class=\"has-medium-font-size\"><strong><em>Beau<\/em> <\/strong>par les <strong>valeurs partag\u00e9es<\/strong> par vos \u00e9quipes et vous-m\u00eame<\/p>\n\n\n\n<p class=\"has-medium-font-size\"><strong><em>et Fort<\/em><\/strong> par les <strong>comp\u00e9tences <\/strong>que vous mobilisez individuellement et collectivement sur vos activit\u00e9s. <\/p>\n\n\n\n<p class=\"has-text-align-left has-medium-font-size\"> Vos <strong>avantages&nbsp;:<\/strong><\/p>\n\n\n\n<ul class=\"has-medium-font-size wp-block-list\"><li>Vous b\u00e9n\u00e9ficiez de l\u2019intervention de <strong>3 professionnels<\/strong> sp\u00e9cialistes de la conduite du changement et du coaching de groupes ; <\/li><li>Vous vous donnez toutes les chances d\u2019instaurer un <strong>dialogue constructif<\/strong> au sein de la gouvernance et\/ou des \u00e9quipes ; <\/li><li>Vous <strong>mobilisez<\/strong> votre organisation pour envisager collectivement son <strong>avenir <\/strong>avec clart\u00e9 et responsabilit\u00e9. <\/li><li>Vous profitez d&#8217;une prestation incluant \u00e0 la fois <strong>coaching professionnel, formation et conseil<\/strong> au profit de vos projets<\/li><\/ul>\n\n\n\n<p><\/p>\n\n\n\n<p><\/p>\n\n\n\n<p><\/p>\n\n\n\n<p> <\/p>\n\n\n\n<p> <\/p>\n\n\n\n<p class=\"has-medium-font-size\"><strong><a rel=\"noreferrer noopener\" aria-label=\"Contactez nous (s\u2019ouvre dans un nouvel onglet)\" href=\"http:\/\/gbfcoaching.fr\/index.php\/contact\/\" target=\"_blank\">Contactez nous<\/a><\/strong> :  <a href=\"mailto:gbfcoaching@gmail.com\">gbfcoaching@gmail.com<\/a>  ou   :<\/p>\n\n\n\n<p class=\"has-medium-font-size\"><a href=\"https:\/\/www.metteurenmots.fr\/\" target=\"_blank\" rel=\"noreferrer noopener\"><strong>Norbert Granget<\/strong><\/a><strong>, <\/strong> 06 85 61 11 64 &#8211; <a href=\"https:\/\/fr.linkedin.com\/in\/norbert-granget\" target=\"_blank\" rel=\"noreferrer noopener\"><strong>LinkedIn <\/strong><\/a><strong>&#8211; <a href=\"https:\/\/www.metteurenmots.fr\" target=\"_blank\" rel=\"noreferrer noopener\">Site internet<\/a><\/strong><\/p>\n\n\n\n<p class=\"has-medium-font-size\"><strong><a aria-label=\"Dominique Barret (opens in a new tab)\" href=\"http:\/\/gbfcoaching.fr\/index.php\/dominique-barret\/\" target=\"_blank\" rel=\"noreferrer noopener\">Dominique Barret<\/a>, <\/strong>06 71 10 17 14 &#8211; <a href=\"https:\/\/www.linkedin.com\/in\/dominique-barret-68202023\/\" target=\"_blank\" rel=\"noreferrer noopener\"><strong>LinkedIn <\/strong><\/a><strong>&#8211; <a href=\"http:\/\/gbfcoaching.fr\/index.php\/dominique-barret\/\" target=\"_blank\" rel=\"noreferrer noopener\">Site internet<\/a><\/strong><\/p>\n\n\n\n<p class=\"has-medium-font-size\"><strong><a href=\"https:\/\/www.aoc-management.fr\/\" target=\"_blank\" rel=\"noreferrer noopener\">V\u00e9ronique Fraisse<\/a><\/strong>, 07 86 79 91 62 &#8211;&nbsp;<a href=\"https:\/\/fr.linkedin.com\/in\/v%C3%A9ronique-fraisse-4b658a5b\" target=\"_blank\" rel=\"noreferrer noopener\"><strong>LinkedIn <\/strong><\/a><strong>&#8211; <a href=\"https:\/\/www.aoc-management.fr\" target=\"_blank\" rel=\"noreferrer noopener\">Site internet<\/a><\/strong><\/p>\n\n\n\n<p class=\"has-medium-font-size\"><\/p>\n\n\n\n<p><\/p>\n\n\n\n<p class=\"has-text-align-right\">Cliquez pour retourner au <a href=\"http:\/\/gbfcoaching.fr\">menu central<\/a><\/p>\n\n\n\n<p><\/p>\n\n\n","protected":false},"excerpt":{"rendered":"<p>GBF Coaching, cabinet expert dans l&#8217;accompagnement professionnel manag\u00e9rial, c&#8217;est l&#8217;alliance de trois associ\u00e9s, coachs professionnels, formateurs et consultants : Norbert Granget, Dominique Barret, V\u00e9ronique Fraisse. Avec GBF Coaching, vous gardez l&#8217;esprit libre. Vous vous centrez sur ce qui est essentiel pour vous. Vous franchissez avec succ\u00e8s vos prochains caps strat\u00e9giques \u00e0 forts enjeux. Nous accompagnons<\/p><\/div>\n<div class=\"blog-btn\"><a href=\"https:\/\/gbfcoaching.fr\/index.php\/gbf-coaching\/\" class=\"home-blog-btn\">Read More<\/a><\/p>\n","protected":false},"author":3,"featured_media":0,"parent":0,"menu_order":0,"comment_status":"closed","ping_status":"closed","template":"","meta":{"footnotes":""},"class_list":["post-10","page","type-page","status-publish","hentry"],"_links":{"self":[{"href":"https:\/\/gbfcoaching.fr\/index.php\/wp-json\/wp\/v2\/pages\/10","targetHints":{"allow":["GET"]}}],"collection":[{"href":"https:\/\/gbfcoaching.fr\/index.php\/wp-json\/wp\/v2\/pages"}],"about":[{"href":"https:\/\/gbfcoaching.fr\/index.php\/wp-json\/wp\/v2\/types\/page"}],"author":[{"embeddable":true,"href":"https:\/\/gbfcoaching.fr\/index.php\/wp-json\/wp\/v2\/users\/3"}],"replies":[{"embeddable":true,"href":"https:\/\/gbfcoaching.fr\/index.php\/wp-json\/wp\/v2\/comments?post=10"}],"version-history":[{"count":54,"href":"https:\/\/gbfcoaching.fr\/index.php\/wp-json\/wp\/v2\/pages\/10\/revisions"}],"predecessor-version":[{"id":367,"href":"https:\/\/gbfcoaching.fr\/index.php\/wp-json\/wp\/v2\/pages\/10\/revisions\/367"}],"wp:attachment":[{"href":"https:\/\/gbfcoaching.fr\/index.php\/wp-json\/wp\/v2\/media?parent=10"}],"curies":[{"name":"wp","href":"https:\/\/api.w.org\/{rel}","templated":true}]}}